{"id":23,"date":"2018-05-23T06:21:50","date_gmt":"2018-05-23T06:21:50","guid":{"rendered":"http:\/\/rarathemesdemo.com\/perfect-portfolio\/?page_id=23"},"modified":"2025-08-08T20:56:12","modified_gmt":"2025-08-08T18:56:12","slug":"im-francisco-adams","status":"publish","type":"page","link":"https:\/\/aureliachay.fr\/index.php\/im-francisco-adams\/","title":{"rendered":"Bio"},"content":{"rendered":"\n<div class=\"wp-block-columns is-layout-flex wp-container-core-columns-is-layout-9d6595d7 wp-block-columns-is-layout-flex\">\n<div class=\"wp-block-column is-layout-flow wp-block-column-is-layout-flow\">\n<div class=\"wp-block-columns is-layout-flex wp-container-core-columns-is-layout-9d6595d7 wp-block-columns-is-layout-flex\">\n<div class=\"wp-block-column is-layout-flow wp-block-column-is-layout-flow\" style=\"flex-basis:66.66%\">\n<p><\/p>\n\n\n\n<p><\/p>\n\n\n\n<p class=\"has-text-align-left has-large-font-size\">Bio<\/p>\n<\/div>\n\n\n\n<div class=\"wp-block-column is-layout-flow wp-block-column-is-layout-flow\" style=\"flex-basis:33.33%\">\n<figure class=\"wp-block-image size-full\"><img fetchpriority=\"high\" decoding=\"async\" width=\"500\" height=\"375\" src=\"https:\/\/aureliachay.fr\/wp-content\/uploads\/2025\/08\/photo_couleur_reduite.jpg\" alt=\"\" class=\"wp-image-1155\" srcset=\"https:\/\/aureliachay.fr\/wp-content\/uploads\/2025\/08\/photo_couleur_reduite.jpg 500w, https:\/\/aureliachay.fr\/wp-content\/uploads\/2025\/08\/photo_couleur_reduite-300x225.jpg 300w\" sizes=\"(max-width: 500px) 100vw, 500px\" \/><\/figure>\n<\/div>\n<\/div>\n<\/div>\n<\/div>\n\n\n<p>Aur\u00e9lia Chay est illustratrice, et propose des cours de dessin et peinture \u00e0 l\u2019Atelier Froggy Art \u00e0 Lyon, depuis 2019.<\/p>\n<p>A partir de 1997, elle participe aux Ateliers d\u2019Arts Cr\u00e9atifs \u00e0 Tarare, o\u00f9 elle apprend les bases du dessin et de la peinture avec Jo\u00eblle Butte-Hoiss.\u00a0 \u00a0 En 2002, elle entre \u00e0 l\u2019Ecole d\u2019architecture de Lyon, o\u00f9 elle remplace les palettes par des \u00e9querres, et contracte une dette de sommeil encore non rembours\u00e9e \u00e0 ce jour. Elle parvient toutefois \u00e0 d\u00e9crocher son master, et s\u2019empresse de recommencer \u00e0 peindre. Ayant d\u00e9couvert le monde merveilleux de Photoshop, elle inonde ses bandes dessin\u00e9es de couleurs chatoyantes.<\/p>\n\n\n<div class=\"wp-block-columns is-layout-flex wp-container-core-columns-is-layout-9d6595d7 wp-block-columns-is-layout-flex\">\n<div class=\"wp-block-column is-layout-flow wp-block-column-is-layout-flow\" style=\"flex-basis:33.33%\">\n<figure class=\"wp-block-image size-full\"><img decoding=\"async\" width=\"600\" height=\"732\" src=\"https:\/\/aureliachay.fr\/wp-content\/uploads\/2025\/08\/PHOTO-gobelet.jpg\" alt=\"\" class=\"wp-image-1158\" srcset=\"https:\/\/aureliachay.fr\/wp-content\/uploads\/2025\/08\/PHOTO-gobelet.jpg 600w, https:\/\/aureliachay.fr\/wp-content\/uploads\/2025\/08\/PHOTO-gobelet-246x300.jpg 246w\" sizes=\"(max-width: 600px) 100vw, 600px\" \/><\/figure>\n<\/div>\n\n\n\n<div class=\"wp-block-column is-layout-flow wp-block-column-is-layout-flow\" style=\"flex-basis:66.66%\">\n<p>D\u00e8s son premier emploi d\u00e9croch\u00e9, on a pu la croiser aux cours du soir de l\u2019\u00e9cole Emile Cohl, et \u00e0 ceux de l\u2019\u00e9cole des Beaux-Arts de Lyon. Certains l\u2019auraient \u00e9galement aper\u00e7ue r\u00e9guli\u00e8rement \u00e0 la cr\u00eaperie Belle-Ile de la rue des Marronniers, ou encore \u00e0 la boutique \u00ab&nbsp;En Artistanie&nbsp;\u00bb \u00e0 la Croix-Rousse, conspirant avec ses amis pour alimenter des fanzines de bande dessin\u00e9e devenus collector, tels que \u00ab&nbsp;Mikromix&nbsp;\u00bb et \u00ab&nbsp;Le d\u00e9risoire cri&nbsp;\u00bb. Ou encore pour organiser des expositions collectives, telles que celles du \u00ab&nbsp;Gris Bouillon&nbsp;d\u201911 Arts\u00bb, et de \u00ab&nbsp;l\u2019Arbre \u00e0 Chaussettes&nbsp;\u00bb, autour d\u2019un conte pour enfants \u00e9crit pour l\u2019occasion.<\/p>\n\n\n\n<p>Suite \u00e0 une \u00e9mouvante et enthousiasmante exp\u00e9rience d\u2019animation b\u00e9n\u00e9vole d\u2019ateliers entre 2016 et 2017, Aur\u00e9lia d\u00e9cide d\u2019en faire son deuxi\u00e8me m\u00e9tier. Elle d\u00e9couvre alors l\u2019univers impitoyable du p\u00e9riscolaire, en tant qu\u2019intervenante Arts plastiques en maternelle. Ce fut une exp\u00e9rience tout aussi enrichissante qu\u2019ext\u00e9nuante, qui a confirm\u00e9 cette envie d\u2019autres horizons professionnels.<\/p>\n<\/div>\n<\/div>\n\n\n\n<div class=\"wp-block-columns is-layout-flex wp-container-core-columns-is-layout-9d6595d7 wp-block-columns-is-layout-flex\">\n<div class=\"wp-block-column is-layout-flow wp-block-column-is-layout-flow\" style=\"flex-basis:66.66%\">\n<p><\/p>\n\n\n\n<p><\/p>\n\n\n\n<p class=\"has-text-align-right\">En 2019, Aur\u00e9lia int\u00e8gre l\u2019\u00e9quipe de Froggy Art en tant qu\u2019intervenante Dessin, Peinture et Modelage, pour public de tous \u00e2ges. Son credo&nbsp;: tout le monde peut dessiner&nbsp;! Et d\u2019ailleurs, enfant, vous dessiniez aussi, non&nbsp;? Il faudrait en fait, ne pas s\u2019arr\u00eater\u2026 Quant au \u00ab&nbsp;talent&nbsp;\u00bb, dont on se croit parfois d\u00e9pourvu, il faut savoir qu\u2019il n\u2019a pas forc\u00e9ment la forme que l\u2019on croit&nbsp;! Le talent, le don, c\u2019est en fait la motivation, li\u00e9e au plaisir que l\u2019on prend \u00e0 faire quelque chose, \u00e0 la joie que cela nous apporte, qui va nous donner envie de pratiquer de plus en plus, et qui nous permettra de progresser. Il faut aussi apprendre l\u2019indulgence, et le l\u00e2cher-prise\u2026.tout un programme&nbsp;!<\/p>\n<\/div>\n\n\n\n<div class=\"wp-block-column is-layout-flow wp-block-column-is-layout-flow\" style=\"flex-basis:33.33%\">\n<figure class=\"wp-block-image size-full\"><img decoding=\"async\" width=\"600\" height=\"849\" src=\"https:\/\/aureliachay.fr\/wp-content\/uploads\/2023\/01\/LYON-FICELLE-JOUR.jpg\" alt=\"\" class=\"wp-image-1144\" srcset=\"https:\/\/aureliachay.fr\/wp-content\/uploads\/2023\/01\/LYON-FICELLE-JOUR.jpg 600w, https:\/\/aureliachay.fr\/wp-content\/uploads\/2023\/01\/LYON-FICELLE-JOUR-212x300.jpg 212w\" sizes=\"(max-width: 600px) 100vw, 600px\" \/><\/figure>\n<\/div>\n<\/div>\n\n\n\n<div class=\"wp-block-columns is-layout-flex wp-container-core-columns-is-layout-9d6595d7 wp-block-columns-is-layout-flex\">\n<div class=\"wp-block-column is-layout-flow wp-block-column-is-layout-flow\">\n<div class=\"wp-block-columns is-layout-flex wp-container-core-columns-is-layout-9d6595d7 wp-block-columns-is-layout-flex\">\n<div class=\"wp-block-column is-layout-flow wp-block-column-is-layout-flow\" style=\"flex-basis:33.33%\">\n<figure class=\"wp-block-image size-full is-resized\"><img loading=\"lazy\" decoding=\"async\" width=\"1500\" height=\"870\" src=\"https:\/\/aureliachay.fr\/wp-content\/uploads\/2025\/08\/PHOTO-palette2.jpg\" alt=\"\" class=\"wp-image-1160\" style=\"width:auto;height:300px\" srcset=\"https:\/\/aureliachay.fr\/wp-content\/uploads\/2025\/08\/PHOTO-palette2.jpg 1500w, https:\/\/aureliachay.fr\/wp-content\/uploads\/2025\/08\/PHOTO-palette2-300x174.jpg 300w, https:\/\/aureliachay.fr\/wp-content\/uploads\/2025\/08\/PHOTO-palette2-1024x594.jpg 1024w, https:\/\/aureliachay.fr\/wp-content\/uploads\/2025\/08\/PHOTO-palette2-768x445.jpg 768w, https:\/\/aureliachay.fr\/wp-content\/uploads\/2025\/08\/PHOTO-palette2-600x348.jpg 600w\" sizes=\"(max-width: 1500px) 100vw, 1500px\" \/><\/figure>\n<\/div>\n\n\n\n<div class=\"wp-block-column is-layout-flow wp-block-column-is-layout-flow\" style=\"flex-basis:66.66%\">\n<p>Depuis 2023, Aur\u00e9lia se consacre avec bonheur \u00e0 l\u2019enseignement du dessin, et \u00e0 l\u2019illustration \u00e0 l\u2019aquarelle. Avec une pr\u00e9dilection pour l\u2019architecture (on ne se refait pas&nbsp;!) et les devantures de commerces, restaurants, fa\u00e7ades en brique, maisons biscornues\u2026<\/p>\n\n\n\n<p>Vous pouvez retrouver la majeure partie de son travail ici ou bien sur le compte instagram @aureliachay, et bient\u00f4t disponible \u00e0 la vente sur la page Boutique de ce site.<\/p>\n<\/div>\n<\/div>\n<\/div>\n<\/div>\n\n\n\n<div class=\"wp-block-columns is-layout-flex wp-container-core-columns-is-layout-9d6595d7 wp-block-columns-is-layout-flex\">\n<div class=\"wp-block-column is-layout-flow wp-block-column-is-layout-flow\">\n<figure class=\"wp-block-image size-large\"><img loading=\"lazy\" decoding=\"async\" width=\"1024\" height=\"425\" src=\"https:\/\/aureliachay.fr\/wp-content\/uploads\/2025\/08\/mon-travail-photo-dearg-palette-1024x425.jpg\" alt=\"\" class=\"wp-image-1119\" srcset=\"https:\/\/aureliachay.fr\/wp-content\/uploads\/2025\/08\/mon-travail-photo-dearg-palette-1024x425.jpg 1024w, https:\/\/aureliachay.fr\/wp-content\/uploads\/2025\/08\/mon-travail-photo-dearg-palette-300x125.jpg 300w, https:\/\/aureliachay.fr\/wp-content\/uploads\/2025\/08\/mon-travail-photo-dearg-palette-768x319.jpg 768w, https:\/\/aureliachay.fr\/wp-content\/uploads\/2025\/08\/mon-travail-photo-dearg-palette-600x249.jpg 600w, https:\/\/aureliachay.fr\/wp-content\/uploads\/2025\/08\/mon-travail-photo-dearg-palette.jpg 1200w\" sizes=\"(max-width: 1024px) 100vw, 1024px\" \/><\/figure>\n<\/div>\n<\/div>\n\n\n\n<div class=\"wp-block-columns is-layout-flex wp-container-core-columns-is-layout-9d6595d7 wp-block-columns-is-layout-flex\">\n<div class=\"wp-block-column is-layout-flow wp-block-column-is-layout-flow\">\n<p class=\"has-text-align-center\">Instagram : @aureliachay<\/p>\n\n\n\n<div class=\"wp-block-columns is-layout-flex wp-container-core-columns-is-layout-9d6595d7 wp-block-columns-is-layout-flex\">\n<div class=\"wp-block-column is-layout-flow wp-block-column-is-layout-flow\"><div class=\"wp-block-image\">\n<figure class=\"aligncenter size-full is-resized\"><a href=\"https:\/\/www.instagram.com\/aureliachay\/?hl=fr\"><img loading=\"lazy\" decoding=\"async\" width=\"160\" height=\"160\" src=\"https:\/\/aureliachay.fr\/wp-content\/uploads\/2025\/08\/insta.png\" alt=\"\" class=\"wp-image-1204\" style=\"width:auto;height:70px\" srcset=\"https:\/\/aureliachay.fr\/wp-content\/uploads\/2025\/08\/insta.png 160w, https:\/\/aureliachay.fr\/wp-content\/uploads\/2025\/08\/insta-150x150.png 150w, https:\/\/aureliachay.fr\/wp-content\/uploads\/2025\/08\/insta-100x100.png 100w\" sizes=\"(max-width: 160px) 100vw, 160px\" \/><\/a><\/figure>\n<\/div><\/div>\n<\/div>\n<\/div>\n<\/div>\n\n\n\n<div class=\"wp-block-columns is-layout-flex wp-container-core-columns-is-layout-9d6595d7 wp-block-columns-is-layout-flex\">\n<div class=\"wp-block-column is-layout-flow wp-block-column-is-layout-flow\">\n<p class=\"has-text-align-center\">Atelier Froggy Art&nbsp;: www.froggyart.com<\/p>\n<\/div>\n<\/div>\n\n\n\n<div class=\"wp-block-columns is-layout-flex wp-container-core-columns-is-layout-9d6595d7 wp-block-columns-is-layout-flex\">\n<div class=\"wp-block-column is-layout-flow wp-block-column-is-layout-flow\">\n<div class=\"wp-block-columns is-layout-flex wp-container-core-columns-is-layout-9d6595d7 wp-block-columns-is-layout-flex\">\n<div class=\"wp-block-column is-layout-flow wp-block-column-is-layout-flow\"><div class=\"wp-block-image\">\n<figure class=\"aligncenter size-full is-resized\"><a href=\"https:\/\/froggyart.com\/\"><img loading=\"lazy\" decoding=\"async\" width=\"212\" height=\"300\" src=\"https:\/\/aureliachay.fr\/wp-content\/uploads\/2025\/08\/logo_froggyart1.png\" alt=\"\" class=\"wp-image-1205\" style=\"width:auto;height:200px\"\/><\/a><\/figure>\n<\/div><\/div>\n<\/div>\n<\/div>\n<\/div>\n","protected":false},"excerpt":{"rendered":"<p>Bio Aur\u00e9lia Chay est illustratrice, et propose des cours de dessin et peinture \u00e0 l\u2019Atelier Froggy Art \u00e0 Lyon, depuis 2019. A partir de 1997, elle participe aux Ateliers d\u2019Arts Cr\u00e9atifs \u00e0 Tarare, o\u00f9 elle apprend les bases du dessin et de la peinture avec Jo\u00eblle Butte-Hoiss.\u00a0 \u00a0 En 2002, elle entre \u00e0 l\u2019Ecole d\u2019architecture [&hellip;]<\/p>\n","protected":false},"author":1,"featured_media":0,"parent":0,"menu_order":0,"comment_status":"closed","ping_status":"closed","template":"","meta":{"ocean_post_layout":"","ocean_both_sidebars_style":"","ocean_both_sidebars_content_width":0,"ocean_both_sidebars_sidebars_width":0,"ocean_sidebar":"","ocean_second_sidebar":"","ocean_disable_margins":"enable","ocean_add_body_class":"","ocean_shortcode_before_top_bar":"","ocean_shortcode_after_top_bar":"","ocean_shortcode_before_header":"","ocean_shortcode_after_header":"","ocean_has_shortcode":"","ocean_shortcode_after_title":"","ocean_shortcode_before_footer_widgets":"","ocean_shortcode_after_footer_widgets":"","ocean_shortcode_before_footer_bottom":"","ocean_shortcode_after_footer_bottom":"","ocean_display_top_bar":"default","ocean_display_header":"default","ocean_header_style":"","ocean_center_header_left_menu":"","ocean_custom_header_template":"","ocean_custom_logo":0,"ocean_custom_retina_logo":0,"ocean_custom_logo_max_width":0,"ocean_custom_logo_tablet_max_width":0,"ocean_custom_logo_mobile_max_width":0,"ocean_custom_logo_max_height":0,"ocean_custom_logo_tablet_max_height":0,"ocean_custom_logo_mobile_max_height":0,"ocean_header_custom_menu":"","ocean_menu_typo_font_family":"","ocean_menu_typo_font_subset":"","ocean_menu_typo_font_size":0,"ocean_menu_typo_font_size_tablet":0,"ocean_menu_typo_font_size_mobile":0,"ocean_menu_typo_font_size_unit":"px","ocean_menu_typo_font_weight":"","ocean_menu_typo_font_weight_tablet":"","ocean_menu_typo_font_weight_mobile":"","ocean_menu_typo_transform":"","ocean_menu_typo_transform_tablet":"","ocean_menu_typo_transform_mobile":"","ocean_menu_typo_line_height":0,"ocean_menu_typo_line_height_tablet":0,"ocean_menu_typo_line_height_mobile":0,"ocean_menu_typo_line_height_unit":"","ocean_menu_typo_spacing":0,"ocean_menu_typo_spacing_tablet":0,"ocean_menu_typo_spacing_mobile":0,"ocean_menu_typo_spacing_unit":"","ocean_menu_link_color":"","ocean_menu_link_color_hover":"","ocean_menu_link_color_active":"","ocean_menu_link_background":"","ocean_menu_link_hover_background":"","ocean_menu_link_active_background":"","ocean_menu_social_links_bg":"","ocean_menu_social_hover_links_bg":"","ocean_menu_social_links_color":"","ocean_menu_social_hover_links_color":"","ocean_disable_title":"default","ocean_disable_heading":"default","ocean_post_title":"","ocean_post_subheading":"","ocean_post_title_style":"","ocean_post_title_background_color":"","ocean_post_title_background":0,"ocean_post_title_bg_image_position":"","ocean_post_title_bg_image_attachment":"","ocean_post_title_bg_image_repeat":"","ocean_post_title_bg_image_size":"","ocean_post_title_height":0,"ocean_post_title_bg_overlay":0.5,"ocean_post_title_bg_overlay_color":"","ocean_disable_breadcrumbs":"default","ocean_breadcrumbs_color":"","ocean_breadcrumbs_separator_color":"","ocean_breadcrumbs_links_color":"","ocean_breadcrumbs_links_hover_color":"","ocean_display_footer_widgets":"default","ocean_display_footer_bottom":"default","ocean_custom_footer_template":"","footnotes":""},"class_list":["post-23","page","type-page","status-publish","hentry","entry","owp-thumbs-layout-horizontal","owp-btn-normal","owp-tabs-layout-horizontal","has-no-thumbnails","has-product-nav"],"yoast_head":"<!-- This site is optimized with the Yoast SEO plugin v27.1.1 - https:\/\/yoast.com\/product\/yoast-seo-wordpress\/ -->\n<title>Bio - Aur\u00e9lia Chay illustrations<\/title>\n<meta name=\"robots\" content=\"index, follow, max-snippet:-1, max-image-preview:large, max-video-preview:-1\" \/>\n<link rel=\"canonical\" href=\"https:\/\/aureliachay.fr\/index.php\/im-francisco-adams\/\" \/>\n<meta property=\"og:locale\" content=\"fr_FR\" \/>\n<meta property=\"og:type\" content=\"article\" \/>\n<meta property=\"og:title\" content=\"Bio - Aur\u00e9lia Chay illustrations\" \/>\n<meta property=\"og:description\" content=\"Bio Aur\u00e9lia Chay est illustratrice, et propose des cours de dessin et peinture \u00e0 l\u2019Atelier Froggy Art \u00e0 Lyon, depuis 2019. A partir de 1997, elle participe aux Ateliers d\u2019Arts Cr\u00e9atifs \u00e0 Tarare, o\u00f9 elle apprend les bases du dessin et de la peinture avec Jo\u00eblle Butte-Hoiss.\u00a0 \u00a0 En 2002, elle entre \u00e0 l\u2019Ecole d\u2019architecture [&hellip;]\" \/>\n<meta property=\"og:url\" content=\"https:\/\/aureliachay.fr\/index.php\/im-francisco-adams\/\" \/>\n<meta property=\"og:site_name\" content=\"Aur\u00e9lia Chay illustrations\" \/>\n<meta property=\"article:modified_time\" content=\"2025-08-08T18:56:12+00:00\" \/>\n<meta property=\"og:image\" content=\"https:\/\/aureliachay.fr\/wp-content\/uploads\/2025\/08\/photo_couleur_reduite.jpg\" \/>\n\t<meta property=\"og:image:width\" content=\"500\" \/>\n\t<meta property=\"og:image:height\" content=\"375\" \/>\n\t<meta property=\"og:image:type\" content=\"image\/jpeg\" \/>\n<meta name=\"twitter:card\" content=\"summary_large_image\" \/>\n<meta name=\"twitter:label1\" content=\"Dur\u00e9e de lecture estim\u00e9e\" \/>\n\t<meta name=\"twitter:data1\" content=\"4 minutes\" \/>\n<script type=\"application\/ld+json\" class=\"yoast-schema-graph\">{\"@context\":\"https:\/\/schema.org\",\"@graph\":[{\"@type\":\"WebPage\",\"@id\":\"https:\/\/aureliachay.fr\/index.php\/im-francisco-adams\/\",\"url\":\"https:\/\/aureliachay.fr\/index.php\/im-francisco-adams\/\",\"name\":\"Bio - Aur\u00e9lia Chay illustrations\",\"isPartOf\":{\"@id\":\"https:\/\/aureliachay.fr\/#website\"},\"primaryImageOfPage\":{\"@id\":\"https:\/\/aureliachay.fr\/index.php\/im-francisco-adams\/#primaryimage\"},\"image\":{\"@id\":\"https:\/\/aureliachay.fr\/index.php\/im-francisco-adams\/#primaryimage\"},\"thumbnailUrl\":\"https:\/\/aureliachay.fr\/wp-content\/uploads\/2025\/08\/photo_couleur_reduite.jpg\",\"datePublished\":\"2018-05-23T06:21:50+00:00\",\"dateModified\":\"2025-08-08T18:56:12+00:00\",\"breadcrumb\":{\"@id\":\"https:\/\/aureliachay.fr\/index.php\/im-francisco-adams\/#breadcrumb\"},\"inLanguage\":\"fr-FR\",\"potentialAction\":[{\"@type\":\"ReadAction\",\"target\":[\"https:\/\/aureliachay.fr\/index.php\/im-francisco-adams\/\"]}]},{\"@type\":\"ImageObject\",\"inLanguage\":\"fr-FR\",\"@id\":\"https:\/\/aureliachay.fr\/index.php\/im-francisco-adams\/#primaryimage\",\"url\":\"https:\/\/aureliachay.fr\/wp-content\/uploads\/2025\/08\/photo_couleur_reduite.jpg\",\"contentUrl\":\"https:\/\/aureliachay.fr\/wp-content\/uploads\/2025\/08\/photo_couleur_reduite.jpg\",\"width\":500,\"height\":375},{\"@type\":\"BreadcrumbList\",\"@id\":\"https:\/\/aureliachay.fr\/index.php\/im-francisco-adams\/#breadcrumb\",\"itemListElement\":[{\"@type\":\"ListItem\",\"position\":1,\"name\":\"Home\",\"item\":\"https:\/\/aureliachay.fr\/\"},{\"@type\":\"ListItem\",\"position\":2,\"name\":\"Bio\"}]},{\"@type\":\"WebSite\",\"@id\":\"https:\/\/aureliachay.fr\/#website\",\"url\":\"https:\/\/aureliachay.fr\/\",\"name\":\"Aur\u00e9lia Chay illustrations\",\"description\":\"\",\"publisher\":{\"@id\":\"https:\/\/aureliachay.fr\/#organization\"},\"potentialAction\":[{\"@type\":\"SearchAction\",\"target\":{\"@type\":\"EntryPoint\",\"urlTemplate\":\"https:\/\/aureliachay.fr\/?s={search_term_string}\"},\"query-input\":{\"@type\":\"PropertyValueSpecification\",\"valueRequired\":true,\"valueName\":\"search_term_string\"}}],\"inLanguage\":\"fr-FR\"},{\"@type\":\"Organization\",\"@id\":\"https:\/\/aureliachay.fr\/#organization\",\"name\":\"Aur\u00e9lia Chay illustrations\",\"url\":\"https:\/\/aureliachay.fr\/\",\"logo\":{\"@type\":\"ImageObject\",\"inLanguage\":\"fr-FR\",\"@id\":\"https:\/\/aureliachay.fr\/#\/schema\/logo\/image\/\",\"url\":\"https:\/\/aureliachay.fr\/wp-content\/uploads\/2025\/08\/cropped-logo2025.jpg\",\"contentUrl\":\"https:\/\/aureliachay.fr\/wp-content\/uploads\/2025\/08\/cropped-logo2025.jpg\",\"width\":1200,\"height\":444,\"caption\":\"Aur\u00e9lia Chay illustrations\"},\"image\":{\"@id\":\"https:\/\/aureliachay.fr\/#\/schema\/logo\/image\/\"}}]}<\/script>\n<!-- \/ Yoast SEO plugin. -->","yoast_head_json":{"title":"Bio - Aur\u00e9lia Chay illustrations","robots":{"index":"index","follow":"follow","max-snippet":"max-snippet:-1","max-image-preview":"max-image-preview:large","max-video-preview":"max-video-preview:-1"},"canonical":"https:\/\/aureliachay.fr\/index.php\/im-francisco-adams\/","og_locale":"fr_FR","og_type":"article","og_title":"Bio - Aur\u00e9lia Chay illustrations","og_description":"Bio Aur\u00e9lia Chay est illustratrice, et propose des cours de dessin et peinture \u00e0 l\u2019Atelier Froggy Art \u00e0 Lyon, depuis 2019. A partir de 1997, elle participe aux Ateliers d\u2019Arts Cr\u00e9atifs \u00e0 Tarare, o\u00f9 elle apprend les bases du dessin et de la peinture avec Jo\u00eblle Butte-Hoiss.\u00a0 \u00a0 En 2002, elle entre \u00e0 l\u2019Ecole d\u2019architecture [&hellip;]","og_url":"https:\/\/aureliachay.fr\/index.php\/im-francisco-adams\/","og_site_name":"Aur\u00e9lia Chay illustrations","article_modified_time":"2025-08-08T18:56:12+00:00","og_image":[{"width":500,"height":375,"url":"https:\/\/aureliachay.fr\/wp-content\/uploads\/2025\/08\/photo_couleur_reduite.jpg","type":"image\/jpeg"}],"twitter_card":"summary_large_image","twitter_misc":{"Dur\u00e9e de lecture estim\u00e9e":"4 minutes"},"schema":{"@context":"https:\/\/schema.org","@graph":[{"@type":"WebPage","@id":"https:\/\/aureliachay.fr\/index.php\/im-francisco-adams\/","url":"https:\/\/aureliachay.fr\/index.php\/im-francisco-adams\/","name":"Bio - Aur\u00e9lia Chay illustrations","isPartOf":{"@id":"https:\/\/aureliachay.fr\/#website"},"primaryImageOfPage":{"@id":"https:\/\/aureliachay.fr\/index.php\/im-francisco-adams\/#primaryimage"},"image":{"@id":"https:\/\/aureliachay.fr\/index.php\/im-francisco-adams\/#primaryimage"},"thumbnailUrl":"https:\/\/aureliachay.fr\/wp-content\/uploads\/2025\/08\/photo_couleur_reduite.jpg","datePublished":"2018-05-23T06:21:50+00:00","dateModified":"2025-08-08T18:56:12+00:00","breadcrumb":{"@id":"https:\/\/aureliachay.fr\/index.php\/im-francisco-adams\/#breadcrumb"},"inLanguage":"fr-FR","potentialAction":[{"@type":"ReadAction","target":["https:\/\/aureliachay.fr\/index.php\/im-francisco-adams\/"]}]},{"@type":"ImageObject","inLanguage":"fr-FR","@id":"https:\/\/aureliachay.fr\/index.php\/im-francisco-adams\/#primaryimage","url":"https:\/\/aureliachay.fr\/wp-content\/uploads\/2025\/08\/photo_couleur_reduite.jpg","contentUrl":"https:\/\/aureliachay.fr\/wp-content\/uploads\/2025\/08\/photo_couleur_reduite.jpg","width":500,"height":375},{"@type":"BreadcrumbList","@id":"https:\/\/aureliachay.fr\/index.php\/im-francisco-adams\/#breadcrumb","itemListElement":[{"@type":"ListItem","position":1,"name":"Home","item":"https:\/\/aureliachay.fr\/"},{"@type":"ListItem","position":2,"name":"Bio"}]},{"@type":"WebSite","@id":"https:\/\/aureliachay.fr\/#website","url":"https:\/\/aureliachay.fr\/","name":"Aur\u00e9lia Chay illustrations","description":"","publisher":{"@id":"https:\/\/aureliachay.fr\/#organization"},"potentialAction":[{"@type":"SearchAction","target":{"@type":"EntryPoint","urlTemplate":"https:\/\/aureliachay.fr\/?s={search_term_string}"},"query-input":{"@type":"PropertyValueSpecification","valueRequired":true,"valueName":"search_term_string"}}],"inLanguage":"fr-FR"},{"@type":"Organization","@id":"https:\/\/aureliachay.fr\/#organization","name":"Aur\u00e9lia Chay illustrations","url":"https:\/\/aureliachay.fr\/","logo":{"@type":"ImageObject","inLanguage":"fr-FR","@id":"https:\/\/aureliachay.fr\/#\/schema\/logo\/image\/","url":"https:\/\/aureliachay.fr\/wp-content\/uploads\/2025\/08\/cropped-logo2025.jpg","contentUrl":"https:\/\/aureliachay.fr\/wp-content\/uploads\/2025\/08\/cropped-logo2025.jpg","width":1200,"height":444,"caption":"Aur\u00e9lia Chay illustrations"},"image":{"@id":"https:\/\/aureliachay.fr\/#\/schema\/logo\/image\/"}}]}},"_links":{"self":[{"href":"https:\/\/aureliachay.fr\/index.php\/wp-json\/wp\/v2\/pages\/23","targetHints":{"allow":["GET"]}}],"collection":[{"href":"https:\/\/aureliachay.fr\/index.php\/wp-json\/wp\/v2\/pages"}],"about":[{"href":"https:\/\/aureliachay.fr\/index.php\/wp-json\/wp\/v2\/types\/page"}],"author":[{"embeddable":true,"href":"https:\/\/aureliachay.fr\/index.php\/wp-json\/wp\/v2\/users\/1"}],"replies":[{"embeddable":true,"href":"https:\/\/aureliachay.fr\/index.php\/wp-json\/wp\/v2\/comments?post=23"}],"version-history":[{"count":20,"href":"https:\/\/aureliachay.fr\/index.php\/wp-json\/wp\/v2\/pages\/23\/revisions"}],"predecessor-version":[{"id":1212,"href":"https:\/\/aureliachay.fr\/index.php\/wp-json\/wp\/v2\/pages\/23\/revisions\/1212"}],"wp:attachment":[{"href":"https:\/\/aureliachay.fr\/index.php\/wp-json\/wp\/v2\/media?parent=23"}],"curies":[{"name":"wp","href":"https:\/\/api.w.org\/{rel}","templated":true}]}}